{"id":4755,"date":"2021-01-14T15:23:29","date_gmt":"2021-01-14T15:23:29","guid":{"rendered":"https:\/\/cleanlabelplus.pt\/repositorio\/"},"modified":"2021-04-12T10:57:55","modified_gmt":"2021-04-12T10:57:55","slug":"deliverables","status":"publish","type":"page","link":"https:\/\/cleanlabelplus.pt\/en\/deliverables\/","title":{"rendered":"Deliverables"},"content":{"rendered":"\t\t<div data-elementor-type=\"wp-page\" data-elementor-id=\"4755\" class=\"elementor elementor-4755 elementor-3629\" data-elementor-post-type=\"page\">\n\t\t\t\t\t\t<section class=\"elementor-section elementor-top-section elementor-element elementor-element-753d42a elementor-section-boxed elementor-section-height-default elementor-section-height-default\" data-id=\"753d42a\" data-element_type=\"section\" data-e-type=\"section\">\n\t\t\t\t\t\t<div class=\"elementor-container elementor-column-gap-default\">\n\t\t\t\t\t<div class=\"elementor-column elementor-col-100 elementor-top-column elementor-element elementor-element-10a8c2d\" data-id=\"10a8c2d\" data-element_type=\"column\" data-e-type=\"column\">\n\t\t\t<div class=\"elementor-widget-wrap elementor-element-populated\">\n\t\t\t\t\t\t<div class=\"elementor-element elementor-element-b95721b elementor-hidden-desktop elementor-hidden-tablet elementor-hidden-phone elementor-widget elementor-widget-wgl-blog\" data-id=\"b95721b\" data-element_type=\"widget\" data-e-type=\"widget\" data-settings=\"{&quot;blog_columns&quot;:&quot;4&quot;}\" data-widget_type=\"wgl-blog.default\">\n\t\t\t\t<div class=\"elementor-widget-container\">\n\t\t\t\t\t<section class=\"wgl_cpt_section\"><div class=\"blog-posts\"><div class=\"container-grid row  blog_columns-3 grid blog-style-standard\"><div class=\"wgl_col-4 item\"><div class=\"blog-post format-standard-image\"><div class=\"blog-post_wrapper\"><div class=\"blog-post_media\"><div class=\"blog-post_media_part\"><a href=\"https:\/\/cleanlabelplus.pt\/en\/repositorio-1\/\" class=\"blog-post_feature-link\"><img src='https:\/\/cleanlabelplus.pt\/wp-content\/uploads\/2021\/01\/deliverables-1170x725.jpg' alt='' \/><\/a><\/div><\/div><div class=\"blog-post_content\"><h3 class=\"blog-post_title\"><a href=\"https:\/\/cleanlabelplus.pt\/en\/repositorio-1\/\">Deliverables #1<\/a><\/h3><div class=\"blog-post_text\"><p>On the other hand, organizations have the need for integrating in IT departments new...<\/p><\/div><a href=\"https:\/\/cleanlabelplus.pt\/en\/repositorio-1\/\" class=\"button-read-more\"><span class=\"read-more-arrow\"><\/span>Read more<\/a><\/div><\/div><\/div><\/div><div class=\"wgl_col-4 item\"><div class=\"blog-post format-standard-image\"><div class=\"blog-post_wrapper\"><div class=\"blog-post_media\"><div class=\"blog-post_media_part\"><a href=\"https:\/\/cleanlabelplus.pt\/en\/repositorio-2\/\" class=\"blog-post_feature-link\"><img src='https:\/\/cleanlabelplus.pt\/wp-content\/uploads\/2021\/01\/deliverables-1170x725.jpg' alt='' \/><\/a><\/div><\/div><div class=\"blog-post_content\"><h3 class=\"blog-post_title\"><a href=\"https:\/\/cleanlabelplus.pt\/en\/repositorio-2\/\">Deliverables #2<\/a><\/h3><div class=\"blog-post_text\"><p>On the other hand, organizations have the need for integrating in IT departments new...<\/p><\/div><a href=\"https:\/\/cleanlabelplus.pt\/en\/repositorio-2\/\" class=\"button-read-more\"><span class=\"read-more-arrow\"><\/span>Read more<\/a><\/div><\/div><\/div><\/div><div class=\"wgl_col-4 item\"><div class=\"blog-post format-standard-image\"><div class=\"blog-post_wrapper\"><div class=\"blog-post_media\"><div class=\"blog-post_media_part\"><a href=\"https:\/\/cleanlabelplus.pt\/en\/repositorio-3\/\" class=\"blog-post_feature-link\"><img src='https:\/\/cleanlabelplus.pt\/wp-content\/uploads\/2021\/01\/deliverables-1170x725.jpg' alt='' \/><\/a><\/div><\/div><div class=\"blog-post_content\"><h3 class=\"blog-post_title\"><a href=\"https:\/\/cleanlabelplus.pt\/en\/repositorio-3\/\">Deliverables #3<\/a><\/h3><div class=\"blog-post_text\"><p>On the other hand, organizations have the need for integrating in IT departments new...<\/p><\/div><a href=\"https:\/\/cleanlabelplus.pt\/en\/repositorio-3\/\" class=\"button-read-more\"><span class=\"read-more-arrow\"><\/span>Read more<\/a><\/div><\/div><\/div><\/div><\/div><\/div><\/section>\t\t\t\t<\/div>\n\t\t\t\t<\/div>\n\t\t\t\t\t<\/div>\n\t\t<\/div>\n\t\t\t\t\t<\/div>\n\t\t<\/section>\n\t\t\t\t<section class=\"elementor-section elementor-top-section elementor-element elementor-element-30030de elementor-section-boxed elementor-section-height-default elementor-section-height-default\" data-id=\"30030de\" data-element_type=\"section\" data-e-type=\"section\">\n\t\t\t\t\t\t<div class=\"elementor-container elementor-column-gap-default\">\n\t\t\t\t\t<div class=\"elementor-column elementor-col-100 elementor-top-column elementor-element elementor-element-46ba5c6\" data-id=\"46ba5c6\" data-element_type=\"column\" data-e-type=\"column\">\n\t\t\t<div class=\"elementor-widget-wrap elementor-element-populated\">\n\t\t\t\t\t\t<div class=\"elementor-element elementor-element-7209b80 elementor-widget elementor-widget-spacer\" data-id=\"7209b80\" data-element_type=\"widget\" data-e-type=\"widget\" data-widget_type=\"spacer.default\">\n\t\t\t\t<div class=\"elementor-widget-container\">\n\t\t\t\t\t\t\t<div class=\"elementor-spacer\">\n\t\t\t<div class=\"elementor-spacer-inner\"><\/div>\n\t\t<\/div>\n\t\t\t\t\t\t<\/div>\n\t\t\t\t<\/div>\n\t\t\t\t\t<\/div>\n\t\t<\/div>\n\t\t\t\t\t<\/div>\n\t\t<\/section>\n\t\t\t\t<\/div>\n\t\t","protected":false},"excerpt":{"rendered":"<p>Reposit\u00f3rio #1 On the other hand, organizations have the need for integrating in IT departments new&#8230; Read more Reposit\u00f3rio #2 On the other hand, organizations have the need for integrating in IT departments new&#8230; Read more Reposit\u00f3rio #3 On the other hand, organizations have the need for integrating in IT departments new&#8230; Read more<\/p>\n","protected":false},"author":1,"featured_media":4994,"parent":0,"menu_order":0,"comment_status":"closed","ping_status":"closed","template":"","meta":{"footnotes":""},"class_list":["post-4755","page","type-page","status-publish","has-post-thumbnail","hentry"],"yoast_head":"<!-- This site is optimized with the Yoast SEO plugin v27.5 - https:\/\/yoast.com\/product\/yoast-seo-wordpress\/ -->\n<title>Deliverables - cLabel+<\/title>\n<meta name=\"robots\" content=\"index, follow, max-snippet:-1, max-image-preview:large, max-video-preview:-1\" \/>\n<link rel=\"canonical\" href=\"https:\/\/cleanlabelplus.pt\/en\/deliverables\/\" \/>\n<meta property=\"og:locale\" content=\"en_US\" \/>\n<meta property=\"og:type\" content=\"article\" \/>\n<meta property=\"og:title\" content=\"Deliverables - cLabel+\" \/>\n<meta property=\"og:description\" content=\"Reposit\u00f3rio #1 On the other hand, organizations have the need for integrating in IT departments new&#8230; Read more Reposit\u00f3rio #2 On the other hand, organizations have the need for integrating in IT departments new&#8230; Read more Reposit\u00f3rio #3 On the other hand, organizations have the need for integrating in IT departments new&#8230; Read more\" \/>\n<meta property=\"og:url\" content=\"https:\/\/cleanlabelplus.pt\/en\/deliverables\/\" \/>\n<meta property=\"og:site_name\" content=\"cLabel+\" \/>\n<meta property=\"article:modified_time\" content=\"2021-04-12T10:57:55+00:00\" \/>\n<meta property=\"og:image\" content=\"https:\/\/cleanlabelplus.pt\/wp-content\/uploads\/2021\/05\/projeto-clean-label-plus.jpg\" \/>\n\t<meta property=\"og:image:width\" content=\"1200\" \/>\n\t<meta property=\"og:image:height\" content=\"630\" \/>\n\t<meta property=\"og:image:type\" content=\"image\/jpeg\" \/>\n<meta name=\"twitter:card\" content=\"summary_large_image\" \/>\n<script type=\"application\/ld+json\" class=\"yoast-schema-graph\">{\"@context\":\"https:\\\/\\\/schema.org\",\"@graph\":[{\"@type\":\"WebPage\",\"@id\":\"https:\\\/\\\/cleanlabelplus.pt\\\/en\\\/deliverables\\\/\",\"url\":\"https:\\\/\\\/cleanlabelplus.pt\\\/en\\\/deliverables\\\/\",\"name\":\"Deliverables - cLabel+\",\"isPartOf\":{\"@id\":\"https:\\\/\\\/cleanlabelplus.pt\\\/en\\\/#website\"},\"primaryImageOfPage\":{\"@id\":\"https:\\\/\\\/cleanlabelplus.pt\\\/en\\\/deliverables\\\/#primaryimage\"},\"image\":{\"@id\":\"https:\\\/\\\/cleanlabelplus.pt\\\/en\\\/deliverables\\\/#primaryimage\"},\"thumbnailUrl\":\"https:\\\/\\\/cleanlabelplus.pt\\\/wp-content\\\/uploads\\\/2021\\\/05\\\/projeto-clean-label-plus.jpg\",\"datePublished\":\"2021-01-14T15:23:29+00:00\",\"dateModified\":\"2021-04-12T10:57:55+00:00\",\"breadcrumb\":{\"@id\":\"https:\\\/\\\/cleanlabelplus.pt\\\/en\\\/deliverables\\\/#breadcrumb\"},\"inLanguage\":\"en-US\",\"potentialAction\":[{\"@type\":\"ReadAction\",\"target\":[\"https:\\\/\\\/cleanlabelplus.pt\\\/en\\\/deliverables\\\/\"]}]},{\"@type\":\"ImageObject\",\"inLanguage\":\"en-US\",\"@id\":\"https:\\\/\\\/cleanlabelplus.pt\\\/en\\\/deliverables\\\/#primaryimage\",\"url\":\"https:\\\/\\\/cleanlabelplus.pt\\\/wp-content\\\/uploads\\\/2021\\\/05\\\/projeto-clean-label-plus.jpg\",\"contentUrl\":\"https:\\\/\\\/cleanlabelplus.pt\\\/wp-content\\\/uploads\\\/2021\\\/05\\\/projeto-clean-label-plus.jpg\",\"width\":1200,\"height\":630,\"caption\":\"log\u00f3tipo do projeto clean label plus | cLabel+\"},{\"@type\":\"BreadcrumbList\",\"@id\":\"https:\\\/\\\/cleanlabelplus.pt\\\/en\\\/deliverables\\\/#breadcrumb\",\"itemListElement\":[{\"@type\":\"ListItem\",\"position\":1,\"name\":\"In\u00edcio\",\"item\":\"https:\\\/\\\/cleanlabelplus.pt\\\/en\\\/homepage\\\/\"},{\"@type\":\"ListItem\",\"position\":2,\"name\":\"Deliverables\"}]},{\"@type\":\"WebSite\",\"@id\":\"https:\\\/\\\/cleanlabelplus.pt\\\/en\\\/#website\",\"url\":\"https:\\\/\\\/cleanlabelplus.pt\\\/en\\\/\",\"name\":\"cLabel+\",\"description\":\"Clean Label Food\",\"publisher\":{\"@id\":\"https:\\\/\\\/cleanlabelplus.pt\\\/en\\\/#organization\"},\"potentialAction\":[{\"@type\":\"SearchAction\",\"target\":{\"@type\":\"EntryPoint\",\"urlTemplate\":\"https:\\\/\\\/cleanlabelplus.pt\\\/en\\\/?s={search_term_string}\"},\"query-input\":{\"@type\":\"PropertyValueSpecification\",\"valueRequired\":true,\"valueName\":\"search_term_string\"}}],\"inLanguage\":\"en-US\"},{\"@type\":\"Organization\",\"@id\":\"https:\\\/\\\/cleanlabelplus.pt\\\/en\\\/#organization\",\"name\":\"cLabel+\",\"url\":\"https:\\\/\\\/cleanlabelplus.pt\\\/en\\\/\",\"logo\":{\"@type\":\"ImageObject\",\"inLanguage\":\"en-US\",\"@id\":\"https:\\\/\\\/cleanlabelplus.pt\\\/en\\\/#\\\/schema\\\/logo\\\/image\\\/\",\"url\":\"https:\\\/\\\/cleanlabelplus.pt\\\/wp-content\\\/uploads\\\/2021\\\/01\\\/clabel-logo-color.png\",\"contentUrl\":\"https:\\\/\\\/cleanlabelplus.pt\\\/wp-content\\\/uploads\\\/2021\\\/01\\\/clabel-logo-color.png\",\"width\":537,\"height\":192,\"caption\":\"cLabel+\"},\"image\":{\"@id\":\"https:\\\/\\\/cleanlabelplus.pt\\\/en\\\/#\\\/schema\\\/logo\\\/image\\\/\"}}]}<\/script>\n<!-- \/ Yoast SEO plugin. -->","yoast_head_json":{"title":"Deliverables - cLabel+","robots":{"index":"index","follow":"follow","max-snippet":"max-snippet:-1","max-image-preview":"max-image-preview:large","max-video-preview":"max-video-preview:-1"},"canonical":"https:\/\/cleanlabelplus.pt\/en\/deliverables\/","og_locale":"en_US","og_type":"article","og_title":"Deliverables - cLabel+","og_description":"Reposit\u00f3rio #1 On the other hand, organizations have the need for integrating in IT departments new&#8230; Read more Reposit\u00f3rio #2 On the other hand, organizations have the need for integrating in IT departments new&#8230; Read more Reposit\u00f3rio #3 On the other hand, organizations have the need for integrating in IT departments new&#8230; Read more","og_url":"https:\/\/cleanlabelplus.pt\/en\/deliverables\/","og_site_name":"cLabel+","article_modified_time":"2021-04-12T10:57:55+00:00","og_image":[{"width":1200,"height":630,"url":"https:\/\/cleanlabelplus.pt\/wp-content\/uploads\/2021\/05\/projeto-clean-label-plus.jpg","type":"image\/jpeg"}],"twitter_card":"summary_large_image","schema":{"@context":"https:\/\/schema.org","@graph":[{"@type":"WebPage","@id":"https:\/\/cleanlabelplus.pt\/en\/deliverables\/","url":"https:\/\/cleanlabelplus.pt\/en\/deliverables\/","name":"Deliverables - cLabel+","isPartOf":{"@id":"https:\/\/cleanlabelplus.pt\/en\/#website"},"primaryImageOfPage":{"@id":"https:\/\/cleanlabelplus.pt\/en\/deliverables\/#primaryimage"},"image":{"@id":"https:\/\/cleanlabelplus.pt\/en\/deliverables\/#primaryimage"},"thumbnailUrl":"https:\/\/cleanlabelplus.pt\/wp-content\/uploads\/2021\/05\/projeto-clean-label-plus.jpg","datePublished":"2021-01-14T15:23:29+00:00","dateModified":"2021-04-12T10:57:55+00:00","breadcrumb":{"@id":"https:\/\/cleanlabelplus.pt\/en\/deliverables\/#breadcrumb"},"inLanguage":"en-US","potentialAction":[{"@type":"ReadAction","target":["https:\/\/cleanlabelplus.pt\/en\/deliverables\/"]}]},{"@type":"ImageObject","inLanguage":"en-US","@id":"https:\/\/cleanlabelplus.pt\/en\/deliverables\/#primaryimage","url":"https:\/\/cleanlabelplus.pt\/wp-content\/uploads\/2021\/05\/projeto-clean-label-plus.jpg","contentUrl":"https:\/\/cleanlabelplus.pt\/wp-content\/uploads\/2021\/05\/projeto-clean-label-plus.jpg","width":1200,"height":630,"caption":"log\u00f3tipo do projeto clean label plus | cLabel+"},{"@type":"BreadcrumbList","@id":"https:\/\/cleanlabelplus.pt\/en\/deliverables\/#breadcrumb","itemListElement":[{"@type":"ListItem","position":1,"name":"In\u00edcio","item":"https:\/\/cleanlabelplus.pt\/en\/homepage\/"},{"@type":"ListItem","position":2,"name":"Deliverables"}]},{"@type":"WebSite","@id":"https:\/\/cleanlabelplus.pt\/en\/#website","url":"https:\/\/cleanlabelplus.pt\/en\/","name":"cLabel+","description":"Clean Label Food","publisher":{"@id":"https:\/\/cleanlabelplus.pt\/en\/#organization"},"potentialAction":[{"@type":"SearchAction","target":{"@type":"EntryPoint","urlTemplate":"https:\/\/cleanlabelplus.pt\/en\/?s={search_term_string}"},"query-input":{"@type":"PropertyValueSpecification","valueRequired":true,"valueName":"search_term_string"}}],"inLanguage":"en-US"},{"@type":"Organization","@id":"https:\/\/cleanlabelplus.pt\/en\/#organization","name":"cLabel+","url":"https:\/\/cleanlabelplus.pt\/en\/","logo":{"@type":"ImageObject","inLanguage":"en-US","@id":"https:\/\/cleanlabelplus.pt\/en\/#\/schema\/logo\/image\/","url":"https:\/\/cleanlabelplus.pt\/wp-content\/uploads\/2021\/01\/clabel-logo-color.png","contentUrl":"https:\/\/cleanlabelplus.pt\/wp-content\/uploads\/2021\/01\/clabel-logo-color.png","width":537,"height":192,"caption":"cLabel+"},"image":{"@id":"https:\/\/cleanlabelplus.pt\/en\/#\/schema\/logo\/image\/"}}]}},"_links":{"self":[{"href":"https:\/\/cleanlabelplus.pt\/en\/wp-json\/wp\/v2\/pages\/4755","targetHints":{"allow":["GET"]}}],"collection":[{"href":"https:\/\/cleanlabelplus.pt\/en\/wp-json\/wp\/v2\/pages"}],"about":[{"href":"https:\/\/cleanlabelplus.pt\/en\/wp-json\/wp\/v2\/types\/page"}],"author":[{"embeddable":true,"href":"https:\/\/cleanlabelplus.pt\/en\/wp-json\/wp\/v2\/users\/1"}],"replies":[{"embeddable":true,"href":"https:\/\/cleanlabelplus.pt\/en\/wp-json\/wp\/v2\/comments?post=4755"}],"version-history":[{"count":8,"href":"https:\/\/cleanlabelplus.pt\/en\/wp-json\/wp\/v2\/pages\/4755\/revisions"}],"predecessor-version":[{"id":4981,"href":"https:\/\/cleanlabelplus.pt\/en\/wp-json\/wp\/v2\/pages\/4755\/revisions\/4981"}],"wp:featuredmedia":[{"embeddable":true,"href":"https:\/\/cleanlabelplus.pt\/en\/wp-json\/wp\/v2\/media\/4994"}],"wp:attachment":[{"href":"https:\/\/cleanlabelplus.pt\/en\/wp-json\/wp\/v2\/media?parent=4755"}],"curies":[{"name":"wp","href":"https:\/\/api.w.org\/{rel}","templated":true}]}}